{"id":1527,"date":"2021-11-26T13:28:27","date_gmt":"2021-11-26T13:28:27","guid":{"rendered":"https:\/\/finemp.com.br\/?page_id=1527"},"modified":"2021-11-26T22:30:36","modified_gmt":"2021-11-26T22:30:36","slug":"estrutura","status":"publish","type":"page","link":"https:\/\/finemp.com.br\/livros\/estrutura\/","title":{"rendered":"Estrutura"},"content":{"rendered":"<p>[vc_row css=&#8221;.vc_custom_1455890899731{background-position: center !important;background-repeat: no-repeat !important;background-size: cover !important;}&#8221;][vc_column]<div class=\"sc_section margin_top_huge\" style=\"max-width: 970px;margin: auto;background-image:url(https:\/\/finemp.sslbr.net\/livros\/wp-content\/uploads\/2021\/11\/estrutura.jpg);background-repeat:no-repeat;background-size:cover;\"><div class=\"sc_section_inner\"><div class=\"sc_section_overlay\" style=\"\"><div class=\"sc_section_content padding_on\" style=\"\">[vc_empty_space height=&#8221;532px&#8221;]<\/div><\/div><\/div><\/div>[\/vc_column][\/vc_row][vc_row][vc_column]<div class=\"sc_content content_wrap margin_top_huge\"><div class=\"sc_line sc_line_position_center_center sc_line_style_solid\" style=\"border-top-style:solid;\"><span class=\"sc_line_title\" style=\"background-color:\">Estrutura do Livro<\/span><\/div>[vc_column_text css=&#8221;.vc_custom_1637929918802{margin-top: 4.1em !important;margin-right: 10% !important;margin-bottom: 3em !important;margin-left: 10% !important;}&#8221;]O processo de empreender um neg\u00f3cio de acordo com a literatura passa pelas seguintes fases:<\/p>\n<ul>\n<li>Identifica\u00e7\u00e3o da oportunidade ou procura por ela dada a necessidade de empreender;<\/li>\n<li>Avalia\u00e7\u00e3o da oportunidade;<\/li>\n<li>Plano de neg\u00f3cios;<\/li>\n<li>Determina\u00e7\u00e3o dos recursos necess\u00e1rios;<\/li>\n<li>Administra\u00e7\u00e3o ou gerenciamento do neg\u00f3cio;<\/li>\n<\/ul>\n<p>Neste livro n\u00e3o vamos abordar a fase de identifica\u00e7\u00e3o da oportunidade, pois como j\u00e1 mencionamos esta \u00e9 a parte que requer o \u201cesp\u00edrito animal\u201d e a criatividade que poucos foram agraciados.<\/p>\n<p>Partimos da fase de avalia\u00e7\u00e3o da oportunidade, e evolu\u00edmos na jornada do empreendedor em todas as fases com \u00eanfase em finan\u00e7as, abordando tamb\u00e9m os aspectos estrat\u00e9gicos, mercadol\u00f3gicos, de produ\u00e7\u00e3o e de recursos humanos, apresentando ao final um plano de neg\u00f3cios.<\/p>\n<p>Esse livro est\u00e1 estruturado de forma a facilitar o acesso direto pelo leitor ao tema de interesse. O Mapa financeiro do empreendedor\/empres\u00e1rio inserido na p\u00e1gina central do livro, serve como roteiro para que o leitor identifique o tema de interesse e v\u00e1 direto ao ponto. O Mapa tamb\u00e9m serve como um roteiro b\u00e1sico de finan\u00e7as do empreendedor\/empres\u00e1rio para seu neg\u00f3cio.<\/p>\n<p>Nossa recomenda\u00e7\u00e3o \u00e9 que o leitor leia o livro do come\u00e7o ao fim, e \u00e9 claro volte aos temas de interesse sempre que necess\u00e1rio.<\/p>\n<p>Na introdu\u00e7\u00e3o, homenageamos nossos her\u00f3is empreendedores e empres\u00e1rios, apontamos as dificuldades de se empreender num ambiente hostil e desafiador no Brasil e conclu\u00edmos que a Administra\u00e7\u00e3o\/Gest\u00e3o pode ajudar a fortalecer os empreendedores e as Pequenas e M\u00e9dias Empresas no Brasil.<\/p>\n<p>Na parte II, -Finan\u00e7as B\u00e1sicas, discorremos sobre o valor do dinheiro no tempo, a pedra angular das finan\u00e7as, apresentando o conceito de investimento e seus componentes de avalia\u00e7\u00e3o (Retorno, Risco e Liquidez). Listamos, classificamos e caracterizamos os investimentos dispon\u00edveis no mercado financeiro brasileiro de forma a termos uma compara\u00e7\u00e3o (\u201cbenchmarking\u201d) para<\/p>\n<p>estabelecer o retorno do investimento na empresa, tema do \u00faltimo cap\u00edtulo da parte II, onde discutimos o investimento na empresa e apresentamos a linguagem financeira dos neg\u00f3cios que nos possibilita medir o risco, retorno e a liquidez do investimento numa empresa\/empreendimento. Esse cap\u00edtulo, juntamente com a jornada do investimento na empresa do ponto de vista financeiro, que vem na sequ\u00eancia \u00e9 fundamental para as decis\u00f5es financeiras na busca do retorno sobre o investimento.<\/p>\n<p>A parte III, faz uma pequena incurs\u00e3o no tema da Gest\u00e3o, atrav\u00e9s dos processos de tomada de decis\u00e3o de planejamento, execu\u00e7\u00e3o e de controle e mostra como a Gest\u00e3o pode ajudar a diminuir as falhas gerenciais, tidos como as maiores causadoras do fechamento precoce das PMEs. A parte III, termina discutindo estrat\u00e9gia e apresentando um modelo simples de estrat\u00e9gia, bastante \u00fatil para as \u201cstartups\u201d e as PMEs que j\u00e1 operam sem uma estrat\u00e9gia explicita.<\/p>\n<p>A parte IV, trata da gest\u00e3o financeira e da cria\u00e7\u00e3o de valor para o empreendedor\/empres\u00e1rio. Parte do conceito de Valor do dinheiro no tempo e discorre sobre os m\u00e9todos de avalia\u00e7\u00e3o de investimento recomendando o m\u00e9todo do VPL- Valor presente l\u00edquido como o mais completo, estabelecendo-o como a \u201cr\u00e9gua\u201d na qual todas as decis\u00f5es financeiras devam ser medidas\/avaliadas.<\/p>\n<p>Ainda na parte IV tratamos das decis\u00f5es financeiras fundamentais em toda empresa (Financiamento, Investimento e Operacionais) estabelecendo sua fun\u00e7\u00e3o objetivo, seus princ\u00edpios e reflexos nas demonstra\u00e7\u00f5es financeiras. Analisamos o ROI- Retorno sobre o Investimento e os geradores de retorno, visando otimizar investimento, reduzir custo de capital e maximizar o lucro. Uma vez que temos a \u201cr\u00e9gua\u201d, estabelecemos a \u201cregra\u201d para a tomada de decis\u00f5es financeiras na empresa, mostramos como calcular o valor da empresa para o investidor\/acionista e por fim mostramos como analisar os relat\u00f3rios financeiros usando a an\u00e1lise vertical e horizontal e a centen\u00e1ria e sempre atual f\u00f3rmula \u201cDupont\u201d.<\/p>\n<p>Na parte V, as principais decis\u00f5es de cada grupo (Financiamento, Investimento e Operacionais) com as quais o empreendedor\/empres\u00e1rio se depara, s\u00e3o exploradas com modelos de decis\u00e3o que visam maximizar o retorno sobre o investimento da empresa e do investidor.<\/p>\n<p>A parte VI, traz um estudo de caso, onde os conceitos e modelos discutidos na teoria s\u00e3o aplicados, contendo inclusive uma an\u00e1lise de sensibilidade, muito \u00fatil no planejamento de cen\u00e1rios e na percep\u00e7\u00e3o dos riscos do n\u00e3o atingimento dos resultados esperados.<\/p>\n<p>Na \u00faltima parte, VII, apresentamos o ap\u00eandice com as etapas para se abrir uma empresa.<\/p>\n<p>[\/vc_column_text]<\/div>[\/vc_column][\/vc_row]<\/p>\n","protected":false},"excerpt":{"rendered":"<p>[vc_row css=&#8221;.vc_custom_1455890899731{background-position: center !important;background-repeat: no-repeat !important;background-size: cover !important;}&#8221;][vc_column][\/vc_column][\/vc_row][vc_row][vc_column][\/vc_column][\/vc_row]<\/p>\n","protected":false},"author":1,"featured_media":0,"parent":0,"menu_order":0,"comment_status":"closed","ping_status":"closed","template":"","meta":{"footnotes":""},"class_list":["post-1527","page","type-page","status-publish","hentry"],"_links":{"self":[{"href":"https:\/\/finemp.com.br\/livros\/wp-json\/wp\/v2\/pages\/1527","targetHints":{"allow":["GET"]}}],"collection":[{"href":"https:\/\/finemp.com.br\/livros\/wp-json\/wp\/v2\/pages"}],"about":[{"href":"https:\/\/finemp.com.br\/livros\/wp-json\/wp\/v2\/types\/page"}],"author":[{"embeddable":true,"href":"https:\/\/finemp.com.br\/livros\/wp-json\/wp\/v2\/users\/1"}],"replies":[{"embeddable":true,"href":"https:\/\/finemp.com.br\/livros\/wp-json\/wp\/v2\/comments?post=1527"}],"version-history":[{"count":6,"href":"https:\/\/finemp.com.br\/livros\/wp-json\/wp\/v2\/pages\/1527\/revisions"}],"predecessor-version":[{"id":1535,"href":"https:\/\/finemp.com.br\/livros\/wp-json\/wp\/v2\/pages\/1527\/revisions\/1535"}],"wp:attachment":[{"href":"https:\/\/finemp.com.br\/livros\/wp-json\/wp\/v2\/media?parent=1527"}],"curies":[{"name":"wp","href":"https:\/\/api.w.org\/{rel}","templated":true}]}}