{"id":1129,"date":"2020-03-20T09:06:46","date_gmt":"2020-03-20T09:06:46","guid":{"rendered":"http:\/\/writer.ancorathemes.com\/?page_id=1129"},"modified":"2021-12-04T19:18:52","modified_gmt":"2021-12-04T19:18:52","slug":"home-5-2","status":"publish","type":"page","link":"https:\/\/finemp.com.br\/livros\/","title":{"rendered":"Home 5"},"content":{"rendered":"\t\t<div data-elementor-type=\"wp-page\" data-elementor-id=\"1129\" class=\"elementor elementor-1129\">\n\t\t\t\t\t\t\t\t\t<section class=\"elementor-section elementor-top-section elementor-element elementor-element-b2be836 elementor-section-boxed elementor-section-height-default elementor-section-height-default\" data-id=\"b2be836\" data-element_type=\"section\">\n\t\t\t\t\t\t<div class=\"elementor-container elementor-column-gap-default\">\n\t\t\t\t\t<div class=\"elementor-column elementor-col-100 elementor-top-column elementor-element elementor-element-6644c1b9\" data-id=\"6644c1b9\" data-element_type=\"column\">\n\t\t\t<div class=\"elementor-widget-wrap elementor-element-populated\">\n\t\t\t\t\t\t\t\t<div class=\"elementor-element elementor-element-a7107b4 elementor-widget elementor-widget-text-editor\" data-id=\"a7107b4\" data-element_type=\"widget\" data-widget_type=\"text-editor.default\">\n\t\t\t\t<div class=\"elementor-widget-container\">\n\t\t\t<style>\/*! elementor - v3.6.3 - 12-04-2022 *\/\n.elementor-widget-text-editor.elementor-drop-cap-view-stacked .elementor-drop-cap{background-color:#818a91;color:#fff}.elementor-widget-text-editor.elementor-drop-cap-view-framed .elementor-drop-cap{color:#818a91;border:3px solid;background-color:transparent}.elementor-widget-text-editor:not(.elementor-drop-cap-view-default) .elementor-drop-cap{margin-top:8px}.elementor-widget-text-editor:not(.elementor-drop-cap-view-default) .elementor-drop-cap-letter{width:1em;height:1em}.elementor-widget-text-editor .elementor-drop-cap{float:left;text-align:center;line-height:1;font-size:50px}.elementor-widget-text-editor .elementor-drop-cap-letter{display:inline-block}<\/style>\t\t\t\t<p>[vc_row full_width=&#8221;stretch_row_content_no_spaces&#8221;][vc_column][vc_column_text]<\/p><h2 style=\"text-align: center;\">Os Autores<\/h2><p>[\/vc_column_text][vc_empty_space height=&#8221;52px&#8221;][\/vc_column][\/vc_row][vc_row][vc_column]<div id=\"sc_team_985441929_wrap\" class=\"sc_team_wrap scheme_blue\"><div id=\"sc_team_985441929\" class=\"sc_team sc_team_style_team-2  sc_slider_nopagination sc_slider_nocontrols\" style=\"width:100%;\" data-interval=\"9317\" data-slides-per-view=\"2\"><div class=\"sc_columns columns_wrap\"><div class=\"column-1_2 column_padding_bottom\">\t\t\t<div id=\"sc_team_985441929_1\"\t\t\t\tclass=\"sc_team_item sc_team_item_1 odd first columns_wrap\"\n\t\t\t\t\t\t\t><div class=\"sc_team_item_avatar column-2_5\">\n\t\t\t\t\t<img loading=\"lazy\" decoding=\"async\" class=\"wp-post-image\" width=\"370\" height=\"370\" alt=\"Clayton Nogueira\" src=\"https:\/\/finemp.sslbr.net\/livros\/wp-content\/uploads\/2016\/02\/team1a-2.png\">\t\t\t<\/div><div class=\"sc_team_item_info column-3_5\">\n\t\t\t\t<h5 class=\"sc_team_item_title\"><a href=\"https:\/\/finemp.com.br\/livros\/blog\/team\/clayton-nogueira\/\">Clayton Nogueira<\/a><\/h5>\n\t\t\t\t<div class=\"sc_team_item_position\">Autor<\/div>\n\t\t\t\t<div class=\"sc_team_item_description\">Adm de empresas, Mestre em Finan\u00e7as e contabilidade. Possui MBA em Marketing, e P\u00f3s- Gradua\u00e7\u00e3o em Franchising e Banking. Atua como executivo&#8230;<\/div>\n\t\t\t\t\t\t\t<\/div><\/div>\n\t\t<\/div><div class=\"column-1_2 column_padding_bottom\">\t\t\t<div id=\"sc_team_985441929_2\"\t\t\t\tclass=\"sc_team_item sc_team_item_2 even columns_wrap\"\n\t\t\t\t\t\t\t><div class=\"sc_team_item_avatar column-2_5\">\n\t\t\t\t\t<img loading=\"lazy\" decoding=\"async\" class=\"wp-post-image\" width=\"370\" height=\"370\" alt=\"Jo\u00e3o Paulo El Ackel\" src=\"https:\/\/finemp.sslbr.net\/livros\/wp-content\/uploads\/2016\/02\/team1-3.png\">\t\t\t<\/div><div class=\"sc_team_item_info column-3_5\">\n\t\t\t\t<h5 class=\"sc_team_item_title\"><a href=\"https:\/\/finemp.com.br\/livros\/blog\/team\/joao\/\">Jo\u00e3o Paulo El Ackel<\/a><\/h5>\n\t\t\t\t<div class=\"sc_team_item_position\">Autor<\/div>\n\t\t\t\t<div class=\"sc_team_item_description\">Contador, P\u00f3s-graduado em Controladoria e com MBA Executivo. S\u00f3lida carreira executiva em finan\u00e7as com mais de 20 anos de atua\u00e7\u00e3o em empresas&#8230;<\/div>\n\t\t\t\t\t\t\t<\/div><\/div>\n\t\t<\/div><\/div><\/div><!-- \/.sc_team --><\/div><!-- \/.sc_team_wrap -->[\/vc_column][\/vc_row][vc_row][vc_column][vc_column_text]<\/p><h2 style=\"text-align: center;\">Estrutura do livro<\/h2><p>[\/vc_column_text][vc_empty_space height=&#8221;52px&#8221;][vc_column_text css=&#8221;.vc_custom_1637962660114{margin-right: 10% !important;margin-left: 10% !important;}&#8221;]O processo de empreender um neg\u00f3cio de acordo com a literatura passa pelas seguintes fases:<\/p><ul><li>Identifica\u00e7\u00e3o da oportunidade ou procura por ela dada a necessidade de empreender;<\/li><li>Avalia\u00e7\u00e3o da oportunidade;<\/li><li>Plano de neg\u00f3cios;<\/li><li>Determina\u00e7\u00e3o dos recursos necess\u00e1rios;<\/li><li>Administra\u00e7\u00e3o ou gerenciamento do neg\u00f3cio;<\/li><\/ul><p>Neste livro n\u00e3o vamos abordar a fase de identifica\u00e7\u00e3o da oportunidade, pois como j\u00e1 mencionamos esta \u00e9 a parte que requer o \u201cesp\u00edrito animal\u201d e a criatividade que poucos foram agraciados.<\/p><p>Partimos da fase de avalia\u00e7\u00e3o da oportunidade, e evolu\u00edmos na jornada do empreendedor em todas as fases com \u00eanfase em finan\u00e7as, abordando tamb\u00e9m os aspectos estrat\u00e9gicos, mercadol\u00f3gicos, de produ\u00e7\u00e3o e de recursos humanos, apresentando ao final um plano de neg\u00f3cios<a href=\"https:\/\/finemp.com.br\/estrutura\/\">. ver mais &#8230;<\/a>[\/vc_column_text]<\/p><p>[vc_empty_space height=&#8221;52px&#8221;][\/vc_column][\/vc_row][vc_row][vc_column]<div class=\"sc_content content_wrap\">[vc_empty_space height=&#8221;52px&#8221;]<div class=\"sc_line sc_line_position_center_center sc_line_style_solid\" style=\"border-top-style:solid;\"><span class=\"sc_line_title\" style=\"background-color:\">Recomenda\u00e7\u00f5es<\/span><\/div><\/div>[\/vc_column][\/vc_row]<\/p>\t\t\t\t\t\t<\/div>\n\t\t\t\t<\/div>\n\t\t\t\t\t<\/div>\n\t\t<\/div>\n\t\t\t\t\t\t\t<\/div>\n\t\t<\/section>\n\t\t\t\t<section class=\"elementor-section elementor-top-section elementor-element elementor-element-c82e819 elementor-section-boxed elementor-section-height-default elementor-section-height-default\" data-id=\"c82e819\" data-element_type=\"section\">\n\t\t\t\t\t\t<div class=\"elementor-container elementor-column-gap-default\">\n\t\t\t\t\t<div class=\"elementor-column elementor-col-100 elementor-top-column elementor-element elementor-element-bf8e5fb\" data-id=\"bf8e5fb\" data-element_type=\"column\">\n\t\t\t<div class=\"elementor-widget-wrap\">\n\t\t\t\t\t\t\t\t\t<\/div>\n\t\t<\/div>\n\t\t\t\t\t\t\t<\/div>\n\t\t<\/section>\n\t\t\t\t<section class=\"elementor-section elementor-top-section elementor-element elementor-element-5e14682 elementor-section-boxed elementor-section-height-default elementor-section-height-default\" data-id=\"5e14682\" data-element_type=\"section\">\n\t\t\t\t\t\t<div class=\"elementor-container elementor-column-gap-default\">\n\t\t\t\t\t<div class=\"elementor-column elementor-col-100 elementor-top-column elementor-element elementor-element-bf4ca18\" data-id=\"bf4ca18\" data-element_type=\"column\">\n\t\t\t<div class=\"elementor-widget-wrap\">\n\t\t\t\t\t\t\t\t\t<\/div>\n\t\t<\/div>\n\t\t\t\t\t\t\t<\/div>\n\t\t<\/section>\n\t\t\t\t<section class=\"elementor-section elementor-top-section elementor-element elementor-element-f7231d4 elementor-section-boxed elementor-section-height-default elementor-section-height-default\" data-id=\"f7231d4\" data-element_type=\"section\">\n\t\t\t\t\t\t<div class=\"elementor-container elementor-column-gap-default\">\n\t\t\t\t\t<div class=\"elementor-column elementor-col-100 elementor-top-column elementor-element elementor-element-520d72d\" data-id=\"520d72d\" data-element_type=\"column\">\n\t\t\t<div class=\"elementor-widget-wrap elementor-element-populated\">\n\t\t\t\t\t\t\t\t<div class=\"elementor-element elementor-element-70ca67a elementor-widget elementor-widget-spacer\" data-id=\"70ca67a\" data-element_type=\"widget\" data-widget_type=\"spacer.default\">\n\t\t\t\t<div class=\"elementor-widget-container\">\n\t\t\t<style>\/*! elementor - v3.6.3 - 12-04-2022 *\/\n.e-container.e-container--row .elementor-spacer-inner{width:var(--spacer-size)}.e-container.e-container--column .elementor-spacer-inner,.elementor-column .elementor-spacer-inner{height:var(--spacer-size)}<\/style>\t\t<div class=\"elementor-spacer\">\n\t\t\t<div class=\"elementor-spacer-inner\"><\/div>\n\t\t<\/div>\n\t\t\t\t<\/div>\n\t\t\t\t<\/div>\n\t\t\t\t\t<\/div>\n\t\t<\/div>\n\t\t\t\t\t\t\t<\/div>\n\t\t<\/section>\n\t\t\t\t\t\t\t<\/div>\n\t\t","protected":false},"excerpt":{"rendered":"<p>[vc_row full_width=&#8221;stretch_row_content_no_spaces&#8221;][vc_column][vc_column_text] Os Autores [\/vc_column_text][vc_empty_space height=&#8221;52px&#8221;][\/vc_column][\/vc_row][vc_row][vc_column][\/vc_column][\/vc_row][vc_row][vc_column][vc_column_text] Estrutura do livro [\/vc_column_text][vc_empty_space height=&#8221;52px&#8221;][vc_column_text css=&#8221;.vc_custom_1637962660114{margin-right: 10% !important;margin-left: 10% !important;}&#8221;]O processo de empreender um neg\u00f3cio de acordo com a literatura passa pelas seguintes fases: Identifica\u00e7\u00e3o da oportunidade ou procura por ela dada a necessidade de empreender; Avalia\u00e7\u00e3o da oportunidade; Plano de neg\u00f3cios; Determina\u00e7\u00e3o dos recursos necess\u00e1rios; Administra\u00e7\u00e3o ou gerenciamento [&hellip;]<\/p>\n","protected":false},"author":1,"featured_media":0,"parent":0,"menu_order":0,"comment_status":"closed","ping_status":"closed","template":"","meta":{"footnotes":""},"class_list":["post-1129","page","type-page","status-publish","hentry"],"_links":{"self":[{"href":"https:\/\/finemp.com.br\/livros\/wp-json\/wp\/v2\/pages\/1129","targetHints":{"allow":["GET"]}}],"collection":[{"href":"https:\/\/finemp.com.br\/livros\/wp-json\/wp\/v2\/pages"}],"about":[{"href":"https:\/\/finemp.com.br\/livros\/wp-json\/wp\/v2\/types\/page"}],"author":[{"embeddable":true,"href":"https:\/\/finemp.com.br\/livros\/wp-json\/wp\/v2\/users\/1"}],"replies":[{"embeddable":true,"href":"https:\/\/finemp.com.br\/livros\/wp-json\/wp\/v2\/comments?post=1129"}],"version-history":[{"count":147,"href":"https:\/\/finemp.com.br\/livros\/wp-json\/wp\/v2\/pages\/1129\/revisions"}],"predecessor-version":[{"id":1966,"href":"https:\/\/finemp.com.br\/livros\/wp-json\/wp\/v2\/pages\/1129\/revisions\/1966"}],"wp:attachment":[{"href":"https:\/\/finemp.com.br\/livros\/wp-json\/wp\/v2\/media?parent=1129"}],"curies":[{"name":"wp","href":"https:\/\/api.w.org\/{rel}","templated":true}]}}